{"id":8,"date":"2023-04-18T21:02:57","date_gmt":"2023-04-18T21:02:57","guid":{"rendered":"https:\/\/fundacionfaro.org\/?page_id=8"},"modified":"2023-05-12T15:25:35","modified_gmt":"2023-05-12T15:25:35","slug":"historia","status":"publish","type":"page","link":"https:\/\/fundacionfaro.org\/?page_id=8","title":{"rendered":"Nuestra Historia"},"content":{"rendered":"\n<figure class=\"wp-block-pullquote\"><blockquote><p>La historia de Faro nace en la d\u00e9cada de los 80 en Medell\u00edn, en medio de una sociedad que aunque tradicionalista, ya empezaba a vivenciar los estragos de las adicciones, principalmente al alcohol y a las drogas. Nuestros fundadores fueron testigos de vidas que se desperdiciaron en las calles por falta de oportunidades, ciudadanos que caminaron sin rumbo mientras ve\u00edan sus sue\u00f1os esfumarse entre la soledad, el rechazo y el miedo. Ante este panorama desolador que empezaba a evidenciarse como burbujas en algunas zonas de la ciudad, aparecieron algunas fundaciones y lugares para la rehabilitaci\u00f3n que aunque cumpl\u00edan su funci\u00f3n primaria, dejaban los procesos de re-socializaci\u00f3n a mitad de camino y sus pacientes, una vez superaban las etapas iniciales de la adicci\u00f3n, volv\u00edan a enfrentarse a una realidad sin tener idea de cu\u00e1l camino tomar. Esa sensaci\u00f3n de estar perdidos y sin rumbo, en algunos casos terminaba donde hab\u00eda iniciado, aislados de la sociedad en un estado de conciencia alterado. Conocer de cerca esta realidad motiv\u00f3 a nuestros fundadores a crear a Faro, un lugar que acompa\u00f1a los procesos de rehabilitaci\u00f3n y re-socializaci\u00f3n por medio del amor exigente, bajo el modelo de comunidad terap\u00e9utica, que adem\u00e1s de ofrecer tratamientos especializados trabaja en construir juntos proyectos de vida que se materialicen en una segunda oportunidad. Durante a\u00f1os hemos cultivado todo el conocimiento y experiencia adquirido con el paso del tiempo, hasta consolidarnos en una oferta de alta calidad en el amplio espectro de las adicciones y la promoci\u00f3n de h\u00e1bitos de vida saludables, con 14 sedes en 6 departamentos de Colombia. Desde nuestra creaci\u00f3n hasta hoy la Fundaci\u00f3n sigue siendo impulsada por el amor, la fuerza m\u00e1s poderosa del universo. Cada vida recuperada demuestra que el amor es una fuerza capaz de transformar vidas, destinos, comunidades enteras y como consecuencia transformar el futuro.<\/p><\/blockquote><\/figure>\n\n\n\n<h2 class=\"wp-block-heading\">Valores de la marca <\/h2>\n\n\n\n<ol class=\"wp-block-list\">\n<li>Experticia: El tiempo nos ha dejado aprendizajes valiosos que hoy nos permiten combinar experiencia, conocimiento y habilidad en formas efectivas de ayudar a otros.<\/li>\n\n\n\n<li>Transparencia: Nuestra esencia es transparente y revitalizante como el agua. Un entorno honesto es el punto de partida para toda gran transformaci\u00f3n.<\/li>\n\n\n\n<li>Confiabilidad: Un alto grado de compromiso nos conecta con los dem\u00e1s nos permite generar lazos irrompibles. Es nuestra demostraci\u00f3n de que nuestras acciones naces del coraz\u00f3n. <\/li>\n\n\n\n<li>Fraternidad: El amor es la amalgama que lo une todo, es la fuerza que nos impulsa, nos inspira y nos convierte en una gran familia que no tiene limites. Sin embargo, el amor da y tambi\u00e9n exige, esa es la clave del amor que transforma y permite crecer. <\/li>\n<\/ol>\n\n\n\n<div style=\"height:52px\" aria-hidden=\"true\" class=\"wp-block-spacer\"><\/div>\n\n\n\n<div class=\"wp-block-columns alignwide is-layout-flex wp-container-core-columns-is-layout-9d6595d7 wp-block-columns-is-layout-flex\">\n<div class=\"wp-block-column is-layout-flow wp-block-column-is-layout-flow\">\n<figure class=\"wp-block-image size-large\"><img loading=\"lazy\" decoding=\"async\" width=\"1024\" height=\"768\" src=\"https:\/\/fundacionfaro.org\/wp-content\/uploads\/2023\/05\/945aea2e-d114-4d5a-851b-4b840f08962e-1024x768.jpeg\" alt=\"\" class=\"wp-image-255\" srcset=\"https:\/\/fundacionfaro.org\/wp-content\/uploads\/2023\/05\/945aea2e-d114-4d5a-851b-4b840f08962e-1024x768.jpeg 1024w, https:\/\/fundacionfaro.org\/wp-content\/uploads\/2023\/05\/945aea2e-d114-4d5a-851b-4b840f08962e-300x225.jpeg 300w, https:\/\/fundacionfaro.org\/wp-content\/uploads\/2023\/05\/945aea2e-d114-4d5a-851b-4b840f08962e-768x576.jpeg 768w, https:\/\/fundacionfaro.org\/wp-content\/uploads\/2023\/05\/945aea2e-d114-4d5a-851b-4b840f08962e-1536x1152.jpeg 1536w, https:\/\/fundacionfaro.org\/wp-content\/uploads\/2023\/05\/945aea2e-d114-4d5a-851b-4b840f08962e.jpeg 1600w\" sizes=\"auto, (max-width: 1024px) 100vw, 1024px\" \/><\/figure>\n\n\n\n<p class=\"has-black-color has-text-color has-medium-font-size\">Nuestra filosof\u00eda<\/p>\n\n\n\n<p class=\"has-text-color\" style=\"color:#7a7a7a\">Escucha de que se trata nuestra filosof\u00eda y como ayudamos a las personas que est\u00e1n dispuestas a tomar ese paso para lograr motivar y llegar a la liberaci\u00f3n y a la tranquilidad.<\/p>\n\n\n\n<figure class=\"wp-block-audio\"><audio controls src=\"https:\/\/fundacionfaro.org\/wp-content\/uploads\/2023\/05\/01-Filosofia.mp3\"><\/audio><\/figure>\n<\/div>\n\n\n\n<div class=\"wp-block-column is-layout-flow wp-block-column-is-layout-flow\">\n<figure class=\"wp-block-image size-large\"><img loading=\"lazy\" decoding=\"async\" width=\"1024\" height=\"768\" src=\"https:\/\/fundacionfaro.org\/wp-content\/uploads\/2023\/05\/Imagen-de-WhatsApp-2023-05-10-a-las-15.04.50-1024x768.jpg\" alt=\"\" class=\"wp-image-256\" srcset=\"https:\/\/fundacionfaro.org\/wp-content\/uploads\/2023\/05\/Imagen-de-WhatsApp-2023-05-10-a-las-15.04.50-1024x768.jpg 1024w, https:\/\/fundacionfaro.org\/wp-content\/uploads\/2023\/05\/Imagen-de-WhatsApp-2023-05-10-a-las-15.04.50-300x225.jpg 300w, https:\/\/fundacionfaro.org\/wp-content\/uploads\/2023\/05\/Imagen-de-WhatsApp-2023-05-10-a-las-15.04.50-768x576.jpg 768w, https:\/\/fundacionfaro.org\/wp-content\/uploads\/2023\/05\/Imagen-de-WhatsApp-2023-05-10-a-las-15.04.50-1536x1152.jpg 1536w, https:\/\/fundacionfaro.org\/wp-content\/uploads\/2023\/05\/Imagen-de-WhatsApp-2023-05-10-a-las-15.04.50.jpg 1600w\" sizes=\"auto, (max-width: 1024px) 100vw, 1024px\" \/><\/figure>\n\n\n\n<p class=\"has-black-color has-text-color has-medium-font-size\">Transferencia<\/p>\n\n\n\n<p class=\"has-text-color\" style=\"color:#7a7a7a\">En la fundaci\u00f3n faro las personas se sienten amadas, respetadas y a la vez retadas a superar sus propias limitaciones. Encuentran un lugar en el mundo c\u00e1lido y fraterno que esta dispuesto a acogerlos y a acompa\u00f1arlos en la construcci\u00f3n de un mejor futuro. <\/p>\n<\/div>\n\n\n\n<div class=\"wp-block-column is-layout-flow wp-block-column-is-layout-flow\">\n<figure class=\"wp-block-image size-large\"><img loading=\"lazy\" decoding=\"async\" width=\"1024\" height=\"768\" src=\"https:\/\/fundacionfaro.org\/wp-content\/uploads\/2023\/05\/Imagen-de-WhatsApp-2023-05-10-a-las-15.04.57-1024x768.jpg\" alt=\"\" class=\"wp-image-258\" srcset=\"https:\/\/fundacionfaro.org\/wp-content\/uploads\/2023\/05\/Imagen-de-WhatsApp-2023-05-10-a-las-15.04.57-1024x768.jpg 1024w, https:\/\/fundacionfaro.org\/wp-content\/uploads\/2023\/05\/Imagen-de-WhatsApp-2023-05-10-a-las-15.04.57-300x225.jpg 300w, https:\/\/fundacionfaro.org\/wp-content\/uploads\/2023\/05\/Imagen-de-WhatsApp-2023-05-10-a-las-15.04.57-768x576.jpg 768w, https:\/\/fundacionfaro.org\/wp-content\/uploads\/2023\/05\/Imagen-de-WhatsApp-2023-05-10-a-las-15.04.57-1536x1152.jpg 1536w, https:\/\/fundacionfaro.org\/wp-content\/uploads\/2023\/05\/Imagen-de-WhatsApp-2023-05-10-a-las-15.04.57.jpg 1600w\" sizes=\"auto, (max-width: 1024px) 100vw, 1024px\" \/><\/figure>\n\n\n\n<p class=\"has-black-color has-text-color has-medium-font-size\">Personalidad<\/p>\n\n\n\n<p class=\"has-text-color\" style=\"color:#7a7a7a\">Somos un equipo de trabajo c\u00e1lido, responsable y amoroso. Expertos en nuestro quehacer y deseosos de llevar nuestro conocimiento y experiencia a mas lugares, comunidades y personas para poder promover estilos de vida mas saludables.<\/p>\n<\/div>\n<\/div>\n\n\n\n<div style=\"height:45px\" aria-hidden=\"true\" class=\"wp-block-spacer\"><\/div>\n\n\n\n<h2 class=\"wp-block-heading\">Oraci\u00f3n del padre bueno:<\/h2>\n\n\n\n<div style=\"height:31px\" aria-hidden=\"true\" class=\"wp-block-spacer\"><\/div>\n\n\n\n<figure class=\"wp-block-audio\"><audio controls src=\"https:\/\/fundacionfaro.org\/wp-content\/uploads\/2023\/05\/Audio-de-WhatsApp-2023-05-10-a-las-16.38.12.mp3\"><\/audio><\/figure>\n\n\n\n<div style=\"height:54px\" aria-hidden=\"true\" class=\"wp-block-spacer\"><\/div>\n\n\n\n<h2 class=\"wp-block-heading\">Himno de la Fundaci\u00f3n Faro:<\/h2>\n\n\n\n<div style=\"height:40px\" aria-hidden=\"true\" class=\"wp-block-spacer\"><\/div>\n\n\n\n<div class=\"wp-block-columns is-layout-flex wp-container-core-columns-is-layout-9d6595d7 wp-block-columns-is-layout-flex\">\n<div class=\"wp-block-column is-layout-flow wp-block-column-is-layout-flow\">\n<div class=\"wp-block-file\"><a id=\"wp-block-file--media-2c0e68fe-f149-449b-832d-5cd93e431c05\" href=\"https:\/\/fundacionfaro.org\/wp-content\/uploads\/2023\/05\/Himno-faro.pdf\" target=\"_blank\" rel=\"noreferrer noopener\">Himno-faro<\/a><a href=\"https:\/\/fundacionfaro.org\/wp-content\/uploads\/2023\/05\/Himno-faro.pdf\" class=\"wp-block-file__button wp-element-button\" download aria-describedby=\"wp-block-file--media-2c0e68fe-f149-449b-832d-5cd93e431c05\">Descarga<\/a><\/div>\n<\/div>\n\n\n\n<div class=\"wp-block-column is-layout-flow wp-block-column-is-layout-flow\">\n<figure class=\"wp-block-audio\"><audio controls src=\"https:\/\/fundacionfaro.org\/wp-content\/uploads\/2023\/05\/himno.mp3\"><\/audio><\/figure>\n<\/div>\n<\/div>\n\n\n\n<div style=\"height:65px\" aria-hidden=\"true\" class=\"wp-block-spacer\"><\/div>\n\n\n\n<h2 class=\"wp-block-heading has-large-font-size\" id=\"inspiro-is-a-digital-product-agency-that-focuses-on-strategy-and-desig\" style=\"font-weight:300\">Un poco de nuestro creador<\/h2>\n\n\n\n<figure class=\"wp-block-embed alignwide is-type-video is-provider-youtube wp-block-embed-youtube wp-embed-aspect-16-9 wp-has-aspect-ratio\"><div class=\"wp-block-embed__wrapper\">\n<iframe loading=\"lazy\" title=\"LUZ DE FARO \/JAIME CANO\" width=\"950\" height=\"534\" src=\"https:\/\/www.youtube.com\/embed\/MSZHMIBBkZg?feature=oembed\" frameborder=\"0\" allow=\"accelerometer; autoplay; clipboard-write; encrypted-media; gyroscope; picture-in-picture; web-share\" allowfullscreen><\/iframe>\n<\/div><\/figure>\n\n\n\n<div style=\"height:100px\" aria-hidden=\"true\" class=\"wp-block-spacer\"><\/div>\n\n\n\n<h2 class=\"wp-block-heading\"><\/h2>\n","protected":false},"excerpt":{"rendered":"<p>La historia de Faro nace en la d\u00e9cada de los 80 en Medell\u00edn, en medio de una sociedad que aunque tradicionalista, ya empezaba a vivenciar los estragos de las adicciones, principalmente al alcohol y a las drogas. Nuestros fundadores fueron testigos de vidas que se desperdiciaron en las calles por falta de oportunidades, ciudadanos que &hellip; <\/p>\n<p class=\"link-more\"><a href=\"https:\/\/fundacionfaro.org\/?page_id=8\" class=\"more-link\">Leer m\u00e1s<span class=\"screen-reader-text\"> \u00abNuestra Historia\u00bb<\/span><\/a><\/p>\n","protected":false},"author":1,"featured_media":253,"parent":0,"menu_order":0,"comment_status":"closed","ping_status":"closed","template":"","meta":{"footnotes":""},"class_list":["post-8","page","type-page","status-publish","has-post-thumbnail","hentry"],"_links":{"self":[{"href":"https:\/\/fundacionfaro.org\/index.php?rest_route=\/wp\/v2\/pages\/8","targetHints":{"allow":["GET"]}}],"collection":[{"href":"https:\/\/fundacionfaro.org\/index.php?rest_route=\/wp\/v2\/pages"}],"about":[{"href":"https:\/\/fundacionfaro.org\/index.php?rest_route=\/wp\/v2\/types\/page"}],"author":[{"embeddable":true,"href":"https:\/\/fundacionfaro.org\/index.php?rest_route=\/wp\/v2\/users\/1"}],"replies":[{"embeddable":true,"href":"https:\/\/fundacionfaro.org\/index.php?rest_route=%2Fwp%2Fv2%2Fcomments&post=8"}],"version-history":[{"count":21,"href":"https:\/\/fundacionfaro.org\/index.php?rest_route=\/wp\/v2\/pages\/8\/revisions"}],"predecessor-version":[{"id":317,"href":"https:\/\/fundacionfaro.org\/index.php?rest_route=\/wp\/v2\/pages\/8\/revisions\/317"}],"wp:featuredmedia":[{"embeddable":true,"href":"https:\/\/fundacionfaro.org\/index.php?rest_route=\/wp\/v2\/media\/253"}],"wp:attachment":[{"href":"https:\/\/fundacionfaro.org\/index.php?rest_route=%2Fwp%2Fv2%2Fmedia&parent=8"}],"curies":[{"name":"wp","href":"https:\/\/api.w.org\/{rel}","templated":true}]}}