{"id":7,"date":"2023-04-18T21:02:57","date_gmt":"2023-04-18T21:02:57","guid":{"rendered":"https:\/\/fundacionfaro.org\/?page_id=7"},"modified":"2025-02-13T14:48:59","modified_gmt":"2025-02-13T14:48:59","slug":"hermosos-portafolios-para-creativos-excepcionales","status":"publish","type":"page","link":"https:\/\/fundacionfaro.org\/","title":{"rendered":"Nuestra esencia"},"content":{"rendered":"\n<p class=\"has-text-align-center\">Implementamos servicios sociales de calidad. Con amor exigente tratamos las problem\u00e1ticas<br>asociadas a las adicciones bajo el modelo de comunidad terap\u00e9utica para individuos, familias y<br>comunidades, con el fin de construir paz territorial, promover la reconciliaci\u00f3n y contribuir al<br>restablecimiento de derechos, a trav\u00e9s de un trabajo interdisciplinario y con profesionales<br>altamente calificados.<\/p>\n\n\n\n<div style=\"height:55px\" aria-hidden=\"true\" class=\"wp-block-spacer\"><\/div>\n\n\n\n<div class=\"wp-block-group alignfull has-background\" style=\"background-color:#44a0d9\"><div class=\"wp-block-group__inner-container is-layout-constrained wp-block-group-is-layout-constrained\">\n<div class=\"wp-block-columns is-layout-flex wp-container-core-columns-is-layout-9d6595d7 wp-block-columns-is-layout-flex\">\n<div class=\"wp-block-column is-vertically-aligned-center is-layout-flow wp-block-column-is-layout-flow\">\n<h1 class=\"wp-block-heading has-text-align-center\"><strong>Ultimas noticias<\/strong><\/h1>\n\n\n\n<p class=\"has-white-color has-text-color\">Mantente al d\u00eda con las \u00faltimas novedades, proyectos y actividades de la Fundaci\u00f3n Familiar FARO, dedicada al bienestar y desarrollo de nuestros beneficiarios, colaboradores y publico en general.<\/p>\n\n\n\n<div class=\"wp-block-buttons has-custom-font-size has-medium-font-size is-layout-flex wp-block-buttons-is-layout-flex\" style=\"font-style:normal;font-weight:100\">\n<div class=\"wp-block-button\"><a class=\"wp-block-button__link wp-element-button\" href=\"https:\/\/fundacionfaro.org\/?page_id=210\">ver noticias y novedades<\/a><\/div>\n<\/div>\n<\/div>\n\n\n\n<div class=\"wp-block-column is-layout-flow wp-block-column-is-layout-flow\">\n<div style=\"height:48px\" aria-hidden=\"true\" class=\"wp-block-spacer\"><\/div>\n\n\n\n<figure class=\"wp-block-image size-large\"><img loading=\"lazy\" decoding=\"async\" width=\"1024\" height=\"576\" src=\"http:\/\/fundacionfaro.org\/wp-content\/uploads\/2025\/02\/WhatsApp-Image-2025-02-13-at-5.44.46-AM-1024x576.jpeg\" alt=\"\" class=\"wp-image-382\" srcset=\"https:\/\/fundacionfaro.org\/wp-content\/uploads\/2025\/02\/WhatsApp-Image-2025-02-13-at-5.44.46-AM-1024x576.jpeg 1024w, https:\/\/fundacionfaro.org\/wp-content\/uploads\/2025\/02\/WhatsApp-Image-2025-02-13-at-5.44.46-AM-300x169.jpeg 300w, https:\/\/fundacionfaro.org\/wp-content\/uploads\/2025\/02\/WhatsApp-Image-2025-02-13-at-5.44.46-AM-768x432.jpeg 768w, https:\/\/fundacionfaro.org\/wp-content\/uploads\/2025\/02\/WhatsApp-Image-2025-02-13-at-5.44.46-AM-1536x864.jpeg 1536w, https:\/\/fundacionfaro.org\/wp-content\/uploads\/2025\/02\/WhatsApp-Image-2025-02-13-at-5.44.46-AM.jpeg 1600w\" sizes=\"auto, (max-width: 1024px) 100vw, 1024px\" \/><\/figure>\n<\/div>\n<\/div>\n<\/div><\/div>\n\n\n\n<div class=\"wp-block-group alignfull has-black-color has-white-background-color has-text-color has-background\"><div class=\"wp-block-group__inner-container is-layout-constrained wp-block-group-is-layout-constrained\">\n<div class=\"wp-block-columns is-layout-flex wp-container-core-columns-is-layout-9d6595d7 wp-block-columns-is-layout-flex\">\n<div class=\"wp-block-column is-vertically-aligned-center is-layout-flow wp-block-column-is-layout-flow\">\n<h2 class=\"wp-block-heading\">Nuestra Historia<\/h2>\n\n\n\n<p class=\"has-black-color has-text-color\">La historia de Faro nace en la d\u00e9cada de los 80 en Medell\u00edn, en medio de una sociedad que aunque tradicionalista, ya empezaba a vivenciar los estragos de las adicciones, principalmente al alcohol y a las drogas. <\/p>\n\n\n\n<div class=\"wp-block-buttons has-custom-font-size has-medium-font-size is-horizontal is-content-justification-left is-layout-flex wp-container-core-buttons-is-layout-9e7a555a wp-block-buttons-is-layout-flex\" style=\"font-style:normal;font-weight:100\">\n<div class=\"wp-block-button has-custom-width wp-block-button__width-75 has-custom-font-size is-style-outline has-medium-font-size is-style-outline--1\"><a class=\"wp-block-button__link has-white-color has-vivid-cyan-blue-background-color has-text-color has-background wp-element-button\" href=\"https:\/\/fundacionfaro.org\/?page_id=8\" style=\"border-radius:50px\">nuestra historia<\/a><\/div>\n<\/div>\n<\/div>\n\n\n\n<div class=\"wp-block-column is-layout-flow wp-block-column-is-layout-flow\">\n<div style=\"height:48px\" aria-hidden=\"true\" class=\"wp-block-spacer\"><\/div>\n\n\n\n<div class=\"wp-block-cover is-light\"><span aria-hidden=\"true\" class=\"wp-block-cover__background has-background-dim-0 has-background-dim\"><\/span><img loading=\"lazy\" decoding=\"async\" width=\"2560\" height=\"1707\" class=\"wp-block-cover__image-background wp-image-160\" alt=\"Fundacion Faro\" src=\"http:\/\/fundacionfaro.org\/wp-content\/uploads\/2023\/05\/IMG_7963-scaled.jpg\" style=\"object-position:43% 68%\" data-object-fit=\"cover\" data-object-position=\"43% 68%\" srcset=\"https:\/\/fundacionfaro.org\/wp-content\/uploads\/2023\/05\/IMG_7963-scaled.jpg 2560w, https:\/\/fundacionfaro.org\/wp-content\/uploads\/2023\/05\/IMG_7963-300x200.jpg 300w, https:\/\/fundacionfaro.org\/wp-content\/uploads\/2023\/05\/IMG_7963-1024x683.jpg 1024w, https:\/\/fundacionfaro.org\/wp-content\/uploads\/2023\/05\/IMG_7963-768x512.jpg 768w, https:\/\/fundacionfaro.org\/wp-content\/uploads\/2023\/05\/IMG_7963-1536x1024.jpg 1536w, https:\/\/fundacionfaro.org\/wp-content\/uploads\/2023\/05\/IMG_7963-2048x1365.jpg 2048w, https:\/\/fundacionfaro.org\/wp-content\/uploads\/2023\/05\/IMG_7963-2000x1333.jpg 2000w\" sizes=\"auto, (max-width: 2560px) 100vw, 2560px\" \/><div class=\"wp-block-cover__inner-container is-layout-flow wp-block-cover-is-layout-flow\">\n<p class=\"has-text-align-center has-large-font-size\"><\/p>\n<\/div><\/div>\n<\/div>\n<\/div>\n<\/div><\/div>\n\n\n\n<div class=\"wp-block-group alignfull has-background\" style=\"background-color:#44a0d9\"><div class=\"wp-block-group__inner-container is-layout-constrained wp-block-group-is-layout-constrained\">\n<div class=\"wp-block-columns are-vertically-aligned-center is-layout-flex wp-container-core-columns-is-layout-9d6595d7 wp-block-columns-is-layout-flex\">\n<div class=\"wp-block-column is-vertically-aligned-center is-layout-flow wp-block-column-is-layout-flow\">\n<div style=\"height:48px\" aria-hidden=\"true\" class=\"wp-block-spacer\"><\/div>\n\n\n\n<div class=\"wp-block-cover is-light\"><span aria-hidden=\"true\" class=\"wp-block-cover__background has-background-dim-0 has-background-dim\"><\/span><img loading=\"lazy\" decoding=\"async\" width=\"1600\" height=\"1200\" class=\"wp-block-cover__image-background wp-image-158\" alt=\"fundacion faro\" src=\"http:\/\/fundacionfaro.org\/wp-content\/uploads\/2023\/05\/5da7a972-ed9a-4b8d-9854-f2099fce58fc.jpeg\" style=\"object-position:39% 64%\" data-object-fit=\"cover\" data-object-position=\"39% 64%\" srcset=\"https:\/\/fundacionfaro.org\/wp-content\/uploads\/2023\/05\/5da7a972-ed9a-4b8d-9854-f2099fce58fc.jpeg 1600w, https:\/\/fundacionfaro.org\/wp-content\/uploads\/2023\/05\/5da7a972-ed9a-4b8d-9854-f2099fce58fc-300x225.jpeg 300w, https:\/\/fundacionfaro.org\/wp-content\/uploads\/2023\/05\/5da7a972-ed9a-4b8d-9854-f2099fce58fc-1024x768.jpeg 1024w, https:\/\/fundacionfaro.org\/wp-content\/uploads\/2023\/05\/5da7a972-ed9a-4b8d-9854-f2099fce58fc-768x576.jpeg 768w, https:\/\/fundacionfaro.org\/wp-content\/uploads\/2023\/05\/5da7a972-ed9a-4b8d-9854-f2099fce58fc-1536x1152.jpeg 1536w\" sizes=\"auto, (max-width: 1600px) 100vw, 1600px\" \/><div class=\"wp-block-cover__inner-container is-layout-flow wp-block-cover-is-layout-flow\">\n<p class=\"has-text-align-center has-large-font-size\"><\/p>\n<\/div><\/div>\n<\/div>\n\n\n\n<div class=\"wp-block-column is-vertically-aligned-center is-layout-flow wp-block-column-is-layout-flow\">\n<h2 class=\"wp-block-heading\">NUESTROS SERVICIOS<\/h2>\n\n\n\n<p class=\"has-white-color has-text-color\">Nunca se sabe qu\u00e9 traer\u00e1 la marea, puedes sentarte a esperar toda una vida y no recibir nada, pero tal vez si buscas con voluntad y empe\u00f1o lo m\u00e1s seguro es que encuentres una <strong><em>segunda oportunidad<\/em><\/strong>.<\/p>\n\n\n\n<div class=\"wp-block-buttons has-custom-font-size is-layout-flex wp-block-buttons-is-layout-flex\" style=\"font-size:0px\">\n<div class=\"wp-block-button has-custom-width wp-block-button__width-75 has-custom-font-size is-style-fill has-medium-font-size\" style=\"font-style:normal;font-weight:900\"><a class=\"wp-block-button__link has-white-color has-vivid-cyan-blue-background-color has-text-color has-background wp-element-button\" href=\"https:\/\/fundacionfaro.org\/?page_id=242\" style=\"border-radius:67px\" target=\"_blank\" rel=\"noreferrer noopener\">Nuestros servicios<\/a><\/div>\n<\/div>\n<\/div>\n<\/div>\n<\/div><\/div>\n\n\n\n<div class=\"wp-block-group alignfull has-white-background-color has-background\"><div class=\"wp-block-group__inner-container is-layout-flow wp-block-group-is-layout-flow\">\n<h2 class=\"wp-block-heading has-text-align-center has-black-color has-text-color\"><strong>Algunos de nuestros beneficiados<\/strong><\/h2>\n\n\n\n<figure class=\"wp-block-gallery aligncenter has-nested-images columns-default is-cropped wp-block-gallery-2 is-layout-flex wp-block-gallery-is-layout-flex\">\n<figure class=\"wp-block-image size-large\"><img loading=\"lazy\" decoding=\"async\" width=\"1024\" height=\"769\" data-id=\"235\" src=\"https:\/\/fundacionfaro.org\/wp-content\/uploads\/2023\/05\/529936bb-7569-4520-90da-d61cf628a4a0-1024x769.jpeg\" alt=\"\" class=\"wp-image-235\" srcset=\"https:\/\/fundacionfaro.org\/wp-content\/uploads\/2023\/05\/529936bb-7569-4520-90da-d61cf628a4a0-1024x769.jpeg 1024w, https:\/\/fundacionfaro.org\/wp-content\/uploads\/2023\/05\/529936bb-7569-4520-90da-d61cf628a4a0-300x225.jpeg 300w, https:\/\/fundacionfaro.org\/wp-content\/uploads\/2023\/05\/529936bb-7569-4520-90da-d61cf628a4a0-768x576.jpeg 768w, https:\/\/fundacionfaro.org\/wp-content\/uploads\/2023\/05\/529936bb-7569-4520-90da-d61cf628a4a0-1536x1153.jpeg 1536w, https:\/\/fundacionfaro.org\/wp-content\/uploads\/2023\/05\/529936bb-7569-4520-90da-d61cf628a4a0.jpeg 1600w\" sizes=\"auto, (max-width: 1024px) 100vw, 1024px\" \/><\/figure>\n\n\n\n<figure class=\"wp-block-image size-large\"><img loading=\"lazy\" decoding=\"async\" width=\"1024\" height=\"768\" data-id=\"237\" src=\"https:\/\/fundacionfaro.org\/wp-content\/uploads\/2023\/05\/250bede7-c63a-4e69-b217-cc3d3a0782b9-1024x768.jpeg\" alt=\"\" class=\"wp-image-237\" srcset=\"https:\/\/fundacionfaro.org\/wp-content\/uploads\/2023\/05\/250bede7-c63a-4e69-b217-cc3d3a0782b9-1024x768.jpeg 1024w, https:\/\/fundacionfaro.org\/wp-content\/uploads\/2023\/05\/250bede7-c63a-4e69-b217-cc3d3a0782b9-300x225.jpeg 300w, https:\/\/fundacionfaro.org\/wp-content\/uploads\/2023\/05\/250bede7-c63a-4e69-b217-cc3d3a0782b9-768x576.jpeg 768w, https:\/\/fundacionfaro.org\/wp-content\/uploads\/2023\/05\/250bede7-c63a-4e69-b217-cc3d3a0782b9-1536x1152.jpeg 1536w, https:\/\/fundacionfaro.org\/wp-content\/uploads\/2023\/05\/250bede7-c63a-4e69-b217-cc3d3a0782b9.jpeg 1600w\" sizes=\"auto, (max-width: 1024px) 100vw, 1024px\" \/><\/figure>\n\n\n\n<figure class=\"wp-block-image size-large\"><img loading=\"lazy\" decoding=\"async\" width=\"1024\" height=\"768\" data-id=\"236\" src=\"https:\/\/fundacionfaro.org\/wp-content\/uploads\/2023\/05\/9005e6d7-e85c-4b99-9951-18b0561fa038-1024x768.jpeg\" alt=\"\" class=\"wp-image-236\" srcset=\"https:\/\/fundacionfaro.org\/wp-content\/uploads\/2023\/05\/9005e6d7-e85c-4b99-9951-18b0561fa038-1024x768.jpeg 1024w, https:\/\/fundacionfaro.org\/wp-content\/uploads\/2023\/05\/9005e6d7-e85c-4b99-9951-18b0561fa038-300x225.jpeg 300w, https:\/\/fundacionfaro.org\/wp-content\/uploads\/2023\/05\/9005e6d7-e85c-4b99-9951-18b0561fa038-768x576.jpeg 768w, https:\/\/fundacionfaro.org\/wp-content\/uploads\/2023\/05\/9005e6d7-e85c-4b99-9951-18b0561fa038-1536x1152.jpeg 1536w, https:\/\/fundacionfaro.org\/wp-content\/uploads\/2023\/05\/9005e6d7-e85c-4b99-9951-18b0561fa038.jpeg 1600w\" sizes=\"auto, (max-width: 1024px) 100vw, 1024px\" \/><\/figure>\n<\/figure>\n<\/div><\/div>\n\n\n\n<h2 class=\"wp-block-heading\">Nuestro principales aliados:<\/h2>\n\n\n\n<div style=\"height:54px\" aria-hidden=\"true\" class=\"wp-block-spacer\"><\/div>\n\n\n\n<div class=\"wp-block-columns is-layout-flex wp-container-core-columns-is-layout-9d6595d7 wp-block-columns-is-layout-flex\">\n<div class=\"wp-block-column is-layout-flow wp-block-column-is-layout-flow\">\n<figure class=\"wp-block-image size-full is-resized\"><img loading=\"lazy\" decoding=\"async\" width=\"225\" height=\"225\" src=\"https:\/\/fundacionfaro.org\/wp-content\/uploads\/2023\/05\/aaa-2.jpg\" alt=\"\" class=\"wp-image-285\" style=\"width:137px;height:137px\" srcset=\"https:\/\/fundacionfaro.org\/wp-content\/uploads\/2023\/05\/aaa-2.jpg 225w, https:\/\/fundacionfaro.org\/wp-content\/uploads\/2023\/05\/aaa-2-150x150.jpg 150w\" sizes=\"auto, (max-width: 225px) 100vw, 225px\" \/><\/figure>\n<\/div>\n\n\n\n<div class=\"wp-block-column is-layout-flow wp-block-column-is-layout-flow\"><div class=\"wp-block-image\">\n<figure class=\"aligncenter size-full is-resized\"><img loading=\"lazy\" decoding=\"async\" width=\"302\" height=\"124\" src=\"https:\/\/fundacionfaro.org\/wp-content\/uploads\/2023\/05\/dasdsadas.png\" alt=\"\" class=\"wp-image-286\" style=\"width:259px;height:106px\" srcset=\"https:\/\/fundacionfaro.org\/wp-content\/uploads\/2023\/05\/dasdsadas.png 302w, https:\/\/fundacionfaro.org\/wp-content\/uploads\/2023\/05\/dasdsadas-300x123.png 300w\" sizes=\"auto, (max-width: 302px) 100vw, 302px\" \/><\/figure>\n<\/div><\/div>\n\n\n\n<div class=\"wp-block-column is-layout-flow wp-block-column-is-layout-flow\"><div class=\"wp-block-image\">\n<figure class=\"aligncenter size-full is-resized\"><img loading=\"lazy\" decoding=\"async\" width=\"121\" height=\"140\" src=\"https:\/\/fundacionfaro.org\/wp-content\/uploads\/2023\/05\/icbf.png\" alt=\"\" class=\"wp-image-287\" style=\"width:153px;height:177px\"\/><\/figure>\n<\/div><\/div>\n<\/div>\n\n\n\n<div class=\"wp-block-columns is-layout-flex wp-container-core-columns-is-layout-9d6595d7 wp-block-columns-is-layout-flex\">\n<div class=\"wp-block-column is-layout-flow wp-block-column-is-layout-flow\">\n<figure class=\"wp-block-image size-full\"><img loading=\"lazy\" decoding=\"async\" width=\"866\" height=\"310\" src=\"https:\/\/fundacionfaro.org\/wp-content\/uploads\/2023\/05\/aaaaaa.jpg\" alt=\"\" class=\"wp-image-288\" srcset=\"https:\/\/fundacionfaro.org\/wp-content\/uploads\/2023\/05\/aaaaaa.jpg 866w, https:\/\/fundacionfaro.org\/wp-content\/uploads\/2023\/05\/aaaaaa-300x107.jpg 300w, https:\/\/fundacionfaro.org\/wp-content\/uploads\/2023\/05\/aaaaaa-768x275.jpg 768w\" sizes=\"auto, (max-width: 866px) 100vw, 866px\" \/><\/figure>\n<\/div>\n\n\n\n<div class=\"wp-block-column is-layout-flow wp-block-column-is-layout-flow\"><div class=\"wp-block-image\">\n<figure class=\"alignright size-large is-resized\"><img loading=\"lazy\" decoding=\"async\" width=\"1024\" height=\"148\" src=\"https:\/\/fundacionfaro.org\/wp-content\/uploads\/2023\/05\/juve-1024x148.png\" alt=\"\" class=\"wp-image-289\" style=\"width:589px;height:85px\" srcset=\"https:\/\/fundacionfaro.org\/wp-content\/uploads\/2023\/05\/juve-1024x148.png 1024w, https:\/\/fundacionfaro.org\/wp-content\/uploads\/2023\/05\/juve-300x43.png 300w, https:\/\/fundacionfaro.org\/wp-content\/uploads\/2023\/05\/juve-768x111.png 768w, https:\/\/fundacionfaro.org\/wp-content\/uploads\/2023\/05\/juve-1536x221.png 1536w, https:\/\/fundacionfaro.org\/wp-content\/uploads\/2023\/05\/juve.png 1644w\" sizes=\"auto, (max-width: 1024px) 100vw, 1024px\" \/><\/figure>\n<\/div><\/div>\n<\/div>\n\n\n\n<h2 class=\"wp-block-heading\">Nuestros programas :<\/h2>\n\n\n\n<div style=\"height:45px\" aria-hidden=\"true\" class=\"wp-block-spacer\"><\/div>\n\n\n\n<div class=\"wp-block-columns is-layout-flex wp-container-core-columns-is-layout-9d6595d7 wp-block-columns-is-layout-flex\">\n<div class=\"wp-block-column is-layout-flow wp-block-column-is-layout-flow\">\n<figure class=\"wp-block-image size-full\"><img loading=\"lazy\" decoding=\"async\" width=\"618\" height=\"230\" src=\"https:\/\/fundacionfaro.org\/wp-content\/uploads\/2023\/05\/dasd4.png\" alt=\"\" class=\"wp-image-294\" srcset=\"https:\/\/fundacionfaro.org\/wp-content\/uploads\/2023\/05\/dasd4.png 618w, https:\/\/fundacionfaro.org\/wp-content\/uploads\/2023\/05\/dasd4-300x112.png 300w\" sizes=\"auto, (max-width: 618px) 100vw, 618px\" \/><\/figure>\n<\/div>\n\n\n\n<div class=\"wp-block-column is-layout-flow wp-block-column-is-layout-flow\"><div class=\"wp-block-image\">\n<figure class=\"aligncenter size-full is-resized\"><img loading=\"lazy\" decoding=\"async\" width=\"306\" height=\"424\" src=\"https:\/\/fundacionfaro.org\/wp-content\/uploads\/2023\/05\/da1.jpg\" alt=\"\" class=\"wp-image-295\" style=\"width:162px;height:224px\" srcset=\"https:\/\/fundacionfaro.org\/wp-content\/uploads\/2023\/05\/da1.jpg 306w, https:\/\/fundacionfaro.org\/wp-content\/uploads\/2023\/05\/da1-217x300.jpg 217w\" sizes=\"auto, (max-width: 306px) 100vw, 306px\" \/><\/figure>\n<\/div><\/div>\n<\/div>\n\n\n\n<div class=\"wp-block-columns is-layout-flex wp-container-core-columns-is-layout-9d6595d7 wp-block-columns-is-layout-flex\">\n<div class=\"wp-block-column is-layout-flow wp-block-column-is-layout-flow\"><div class=\"wp-block-image\">\n<figure class=\"aligncenter size-full\"><img loading=\"lazy\" decoding=\"async\" width=\"418\" height=\"120\" src=\"https:\/\/fundacionfaro.org\/wp-content\/uploads\/2023\/05\/dddd111.jpg\" alt=\"\" class=\"wp-image-298\" srcset=\"https:\/\/fundacionfaro.org\/wp-content\/uploads\/2023\/05\/dddd111.jpg 418w, https:\/\/fundacionfaro.org\/wp-content\/uploads\/2023\/05\/dddd111-300x86.jpg 300w\" sizes=\"auto, (max-width: 418px) 100vw, 418px\" \/><\/figure>\n<\/div><\/div>\n\n\n\n<div class=\"wp-block-column is-layout-flow wp-block-column-is-layout-flow\"><div class=\"wp-block-image\">\n<figure class=\"aligncenter size-full\"><img loading=\"lazy\" decoding=\"async\" width=\"355\" height=\"142\" src=\"https:\/\/fundacionfaro.org\/wp-content\/uploads\/2023\/05\/63263.jpg\" alt=\"\" class=\"wp-image-299\" srcset=\"https:\/\/fundacionfaro.org\/wp-content\/uploads\/2023\/05\/63263.jpg 355w, https:\/\/fundacionfaro.org\/wp-content\/uploads\/2023\/05\/63263-300x120.jpg 300w\" sizes=\"auto, (max-width: 355px) 100vw, 355px\" \/><\/figure>\n<\/div><\/div>\n<\/div>\n\n\n\n<div style=\"height:51px\" aria-hidden=\"true\" class=\"wp-block-spacer\"><\/div>\n\n\n\n<div class=\"wp-block-cover alignfull is-position-center-center\" style=\"min-height:375px;aspect-ratio:unset;\"><span aria-hidden=\"true\" class=\"wp-block-cover__background has-black-background-color has-background-dim-60 has-background-dim\"><\/span><video class=\"wp-block-cover__video-background intrinsic-ignore\" autoplay muted loop playsinline src=\"https:\/\/fundacionfaro.org\/wp-content\/uploads\/2023\/04\/pexels-juan-david-palacio-mesa-14865578-426x240-30fps.mp4\" style=\"object-position:49% 51%\" data-object-fit=\"cover\" data-object-position=\"49% 51%\"><\/video><div class=\"wp-block-cover__inner-container is-layout-flow wp-block-cover-is-layout-flow\">\n<p class=\"has-text-align-center has-text-color has-huge-font-size\" style=\"color:#fffffa;line-height:1.1\"><strong>Da el primer gran paso y contactanos<\/strong><\/p>\n\n\n\n<p class=\"has-text-align-center\"><p class=\"has-text-align-center\" style=\"color:#ffffff;\">No se trata de estar<strong> solo<\/strong> en esta lucha, d\u00e9janos <strong>guiarte<\/strong> y <strong>asesorarte<\/strong> de la mejor manera, no es un <em>\u00abproblema peque\u00f1o\u00bb<\/em>, es un <strong>situaci\u00f3n<\/strong>, es nuestra <strong>situaci\u00f3n<\/strong>. <\/p><\/p>\n\n\n\n<div style=\"height:39px\" aria-hidden=\"true\" class=\"wp-block-spacer\"><\/div>\n\n\n\n<div class=\"wp-block-buttons has-custom-font-size has-medium-font-size is-horizontal is-content-justification-center is-layout-flex wp-container-core-buttons-is-layout-937ffba9 wp-block-buttons-is-layout-flex\" style=\"text-decoration:underline\">\n<div class=\"wp-block-button is-style-outline is-style-outline--3\"><a class=\"wp-block-button__link has-white-color has-text-color wp-element-button\" href=\"https:\/\/fundacionfaro.org\/?page_id=9\">contactanos<\/a><\/div>\n<\/div>\n<\/div><\/div>\n","protected":false},"excerpt":{"rendered":"<p>Implementamos servicios sociales de calidad. Con amor exigente tratamos las problem\u00e1ticasasociadas a las adicciones bajo el modelo de comunidad terap\u00e9utica para individuos, familias ycomunidades, con el fin de construir paz territorial, promover la reconciliaci\u00f3n y contribuir alrestablecimiento de derechos, a trav\u00e9s de un trabajo interdisciplinario y con profesionalesaltamente calificados. Ultimas noticias Mantente al d\u00eda con &hellip; <\/p>\n<p class=\"link-more\"><a href=\"https:\/\/fundacionfaro.org\/\" class=\"more-link\">Leer m\u00e1s<span class=\"screen-reader-text\"> \u00abNuestra esencia\u00bb<\/span><\/a><\/p>\n","protected":false},"author":1,"featured_media":87,"parent":0,"menu_order":0,"comment_status":"closed","ping_status":"closed","template":"","meta":{"footnotes":""},"class_list":["post-7","page","type-page","status-publish","has-post-thumbnail","hentry"],"_links":{"self":[{"href":"https:\/\/fundacionfaro.org\/index.php?rest_route=\/wp\/v2\/pages\/7","targetHints":{"allow":["GET"]}}],"collection":[{"href":"https:\/\/fundacionfaro.org\/index.php?rest_route=\/wp\/v2\/pages"}],"about":[{"href":"https:\/\/fundacionfaro.org\/index.php?rest_route=\/wp\/v2\/types\/page"}],"author":[{"embeddable":true,"href":"https:\/\/fundacionfaro.org\/index.php?rest_route=\/wp\/v2\/users\/1"}],"replies":[{"embeddable":true,"href":"https:\/\/fundacionfaro.org\/index.php?rest_route=%2Fwp%2Fv2%2Fcomments&post=7"}],"version-history":[{"count":75,"href":"https:\/\/fundacionfaro.org\/index.php?rest_route=\/wp\/v2\/pages\/7\/revisions"}],"predecessor-version":[{"id":384,"href":"https:\/\/fundacionfaro.org\/index.php?rest_route=\/wp\/v2\/pages\/7\/revisions\/384"}],"wp:featuredmedia":[{"embeddable":true,"href":"https:\/\/fundacionfaro.org\/index.php?rest_route=\/wp\/v2\/media\/87"}],"wp:attachment":[{"href":"https:\/\/fundacionfaro.org\/index.php?rest_route=%2Fwp%2Fv2%2Fmedia&parent=7"}],"curies":[{"name":"wp","href":"https:\/\/api.w.org\/{rel}","templated":true}]}}